{"id":387,"date":"2024-07-01T17:28:44","date_gmt":"2024-07-01T21:28:44","guid":{"rendered":"https:\/\/steelblue-dotterel-416190.hostingersite.com\/?page_id=387"},"modified":"2026-03-06T23:32:36","modified_gmt":"2026-03-06T22:32:36","slug":"servicios","status":"publish","type":"page","link":"https:\/\/www.reformasvive.com.nsuzstudio.com\/index.php\/servicios\/","title":{"rendered":"SERVICIOS"},"content":{"rendered":"\t\t<div data-elementor-type=\"wp-page\" data-elementor-id=\"387\" class=\"elementor elementor-387\" data-elementor-post-type=\"page\">\n\t\t\t\t<div class=\"elementor-element elementor-element-0d91c09 e-flex e-con-boxed e-con e-parent\" data-id=\"0d91c09\" data-element_type=\"container\" data-settings=\"{&quot;background_background&quot;:&quot;classic&quot;}\">\n\t\t\t\t\t<div class=\"e-con-inner\">\n\t\t<div class=\"elementor-element elementor-element-068d51d e-con-full e-flex e-con e-child\" data-id=\"068d51d\" data-element_type=\"container\">\n\t\t\t\t<div class=\"elementor-element elementor-element-3771b1a elementor-widget elementor-widget-heading\" data-id=\"3771b1a\" data-element_type=\"widget\" data-widget_type=\"heading.default\">\n\t\t\t\t<div class=\"elementor-widget-container\">\n\t\t\t\t\t<h1 class=\"elementor-heading-title elementor-size-default\">Nuestros Servicios<\/h1>\t\t\t\t<\/div>\n\t\t\t\t<\/div>\n\t\t\t\t<\/div>\n\t\t\t\t\t<\/div>\n\t\t\t\t<\/div>\n\t\t<div class=\"elementor-element elementor-element-9a85bc1 e-flex e-con-boxed e-con e-parent\" data-id=\"9a85bc1\" data-element_type=\"container\">\n\t\t\t\t\t<div class=\"e-con-inner\">\n\t\t\t\t<div class=\"elementor-element elementor-element-5a7989f elementor-widget elementor-widget-text-editor\" data-id=\"5a7989f\" data-element_type=\"widget\" data-widget_type=\"text-editor.default\">\n\t\t\t\t<div class=\"elementor-widget-container\">\n\t\t\t\t\t\t\t\t\t<p>\u00a0<\/p><p>En <strong>ReformasVive<\/strong> transformamos espacios y generamos confianza a trav\u00e9s de soluciones integrales de renovaci\u00f3n para viviendas y oficinas. Cada reforma est\u00e1 pensada para mejorar la est\u00e9tica, funcionalidad y valor de tu propiedad, siempre con un enfoque profesional, transparente y sin complicaciones.<\/p><ul><li><strong>Reformas Integrales<\/strong><\/li><\/ul><p>Nos encargamos de la transformaci\u00f3n completa de tu vivienda u oficina. Desde la planificaci\u00f3n y el dise\u00f1o hasta la ejecuci\u00f3n final, renovamos cada ambiente para crear espacios modernos, eficientes y con identidad propia.<\/p><ul><li><strong>Reformas de Cocina<\/strong><\/li><\/ul><p>Dise\u00f1amos y renovamos cocinas funcionales, est\u00e9ticas y equipadas para el d\u00eda a d\u00eda. Optimizamos el espacio, mejoramos la distribuci\u00f3n y utilizamos materiales de alta calidad para lograr resultados duraderos.<\/p><ul><li><strong>Reformas de Ba\u00f1os<\/strong><\/li><\/ul><p>Actualizamos ba\u00f1os para convertirlos en espacios confortables, modernos y totalmente funcionales. Realizamos cambios completos en sanitarios, revestimientos, iluminaci\u00f3n y distribuci\u00f3n.<\/p><ul><li><strong>Reformas Interiores<\/strong><\/li><\/ul><p>Mejoramos cualquier ambiente interior mediante soluciones de dise\u00f1o, iluminaci\u00f3n, suelos, pintura y redistribuci\u00f3n de espacios. Aportamos armon\u00eda, estilo y confort en cada detalle.<\/p><ul><li><strong>Reformas de Oficinas<\/strong><\/li><\/ul><p>Transformamos oficinas en espacios eficientes, modernos y adaptados a las nuevas din\u00e1micas de trabajo. Optimizamos distribuci\u00f3n, iluminaci\u00f3n, acabados y ambientes para aumentar productividad y bienestar.<\/p><ul><li><strong>Mejoras de Ambientes<\/strong><\/li><\/ul><p>Renovamos \u00e1reas espec\u00edficas para potenciar su est\u00e9tica y funcionalidad sin necesidad de una obra integral. Ideal para actualizar espacios, mejorar la percepci\u00f3n del inmueble o prepararlo para alquiler o venta.<\/p><p>En <strong>ReformasVive<\/strong> unimos experiencia, calidad e innovaci\u00f3n para ofrecer reformas que elevan el valor de cada propiedad. Nuestro compromiso es brindar resultados impecables y una experiencia sencilla, clara y confiable desde el inicio hasta la entrega final.<\/p>\t\t\t\t\t\t\t\t<\/div>\n\t\t\t\t<\/div>\n\t\t\t\t\t<\/div>\n\t\t\t\t<\/div>\n\t\t<div class=\"elementor-element elementor-element-d9a60a8 e-flex e-con-boxed e-con e-parent\" data-id=\"d9a60a8\" data-element_type=\"container\">\n\t\t\t\t\t<div class=\"e-con-inner\">\n\t\t<div class=\"elementor-element elementor-element-4751d35 e-con-full e-flex e-con e-child\" data-id=\"4751d35\" data-element_type=\"container\">\n\t\t\t\t<div class=\"elementor-element elementor-element-76b441d elementor-widget elementor-widget-heading\" data-id=\"76b441d\" data-element_type=\"widget\" data-widget_type=\"heading.default\">\n\t\t\t\t<div class=\"elementor-widget-container\">\n\t\t\t\t\t<h1 class=\"elementor-heading-title elementor-size-default\">Algunas Fotograf\u00edas<\/h1>\t\t\t\t<\/div>\n\t\t\t\t<\/div>\n\t\t\t\t<\/div>\n\t\t\t\t<div class=\"elementor-element elementor-element-420ddee elementor-widget elementor-widget-gallery\" data-id=\"420ddee\" data-element_type=\"widget\" data-settings=\"{&quot;gallery_layout&quot;:&quot;masonry&quot;,&quot;columns&quot;:3,&quot;gap&quot;:{&quot;unit&quot;:&quot;px&quot;,&quot;size&quot;:20,&quot;sizes&quot;:[]},&quot;lazyload&quot;:&quot;yes&quot;,&quot;columns_tablet&quot;:2,&quot;columns_mobile&quot;:1,&quot;gap_tablet&quot;:{&quot;unit&quot;:&quot;px&quot;,&quot;size&quot;:10,&quot;sizes&quot;:[]},&quot;gap_mobile&quot;:{&quot;unit&quot;:&quot;px&quot;,&quot;size&quot;:10,&quot;sizes&quot;:[]},&quot;link_to&quot;:&quot;file&quot;,&quot;overlay_background&quot;:&quot;yes&quot;,&quot;content_hover_animation&quot;:&quot;fade-in&quot;}\" data-widget_type=\"gallery.default\">\n\t\t\t\t<div class=\"elementor-widget-container\">\n\t\t\t\t\t\t\t<div class=\"elementor-gallery__container\">\n\t\t\t\t\t\t\t<a class=\"e-gallery-item elementor-gallery-item elementor-animated-content\" href=\"https:\/\/www.reformasvive.com.nsuzstudio.com\/wp-content\/uploads\/2026\/03\/Sin-Rvive-1000-0019.png\" data-elementor-open-lightbox=\"yes\" data-elementor-lightbox-slideshow=\"420ddee\" data-elementor-lightbox-title=\"Sin-Rvive-1000-0019\" data-e-action-hash=\"#elementor-action%3Aaction%3Dlightbox%26settings%3DeyJpZCI6MjcyOCwidXJsIjoiaHR0cHM6XC9cL3d3dy5yZWZvcm1hc3ZpdmUuY29tLm5zdXpzdHVkaW8uY29tXC93cC1jb250ZW50XC91cGxvYWRzXC8yMDI2XC8wM1wvU2luLVJ2aXZlLTEwMDAtMDAxOS5wbmciLCJzbGlkZXNob3ciOiI0MjBkZGVlIn0%3D\">\n\t\t\t\t\t<div class=\"e-gallery-image elementor-gallery-item__image\" data-thumbnail=\"https:\/\/www.reformasvive.com.nsuzstudio.com\/wp-content\/uploads\/2026\/03\/Sin-Rvive-1000-0019-300x226.png\" data-width=\"300\" data-height=\"226\" aria-label=\"\" role=\"img\" ><\/div>\n\t\t\t\t\t\t\t\t\t\t\t<div class=\"elementor-gallery-item__overlay\"><\/div>\n\t\t\t\t\t\t\t\t\t\t\t\t\t\t<\/a>\n\t\t\t\t\t\t\t<a class=\"e-gallery-item elementor-gallery-item elementor-animated-content\" href=\"https:\/\/www.reformasvive.com.nsuzstudio.com\/wp-content\/uploads\/2026\/03\/Sin-Rvive-1000-0018.png\" data-elementor-open-lightbox=\"yes\" data-elementor-lightbox-slideshow=\"420ddee\" data-elementor-lightbox-title=\"Sin-Rvive-1000-0018\" data-e-action-hash=\"#elementor-action%3Aaction%3Dlightbox%26settings%3DeyJpZCI6MjcyNywidXJsIjoiaHR0cHM6XC9cL3d3dy5yZWZvcm1hc3ZpdmUuY29tLm5zdXpzdHVkaW8uY29tXC93cC1jb250ZW50XC91cGxvYWRzXC8yMDI2XC8wM1wvU2luLVJ2aXZlLTEwMDAtMDAxOC5wbmciLCJzbGlkZXNob3ciOiI0MjBkZGVlIn0%3D\">\n\t\t\t\t\t<div class=\"e-gallery-image elementor-gallery-item__image\" data-thumbnail=\"https:\/\/www.reformasvive.com.nsuzstudio.com\/wp-content\/uploads\/2026\/03\/Sin-Rvive-1000-0018-300x226.png\" data-width=\"300\" data-height=\"226\" aria-label=\"\" role=\"img\" ><\/div>\n\t\t\t\t\t\t\t\t\t\t\t<div class=\"elementor-gallery-item__overlay\"><\/div>\n\t\t\t\t\t\t\t\t\t\t\t\t\t\t<\/a>\n\t\t\t\t\t\t\t<a class=\"e-gallery-item elementor-gallery-item elementor-animated-content\" href=\"https:\/\/www.reformasvive.com.nsuzstudio.com\/wp-content\/uploads\/2026\/03\/Sin-Rvive-1000-0017.png\" data-elementor-open-lightbox=\"yes\" data-elementor-lightbox-slideshow=\"420ddee\" data-elementor-lightbox-title=\"Sin-Rvive-1000-0017\" data-e-action-hash=\"#elementor-action%3Aaction%3Dlightbox%26settings%3DeyJpZCI6MjcyNiwidXJsIjoiaHR0cHM6XC9cL3d3dy5yZWZvcm1hc3ZpdmUuY29tLm5zdXpzdHVkaW8uY29tXC93cC1jb250ZW50XC91cGxvYWRzXC8yMDI2XC8wM1wvU2luLVJ2aXZlLTEwMDAtMDAxNy5wbmciLCJzbGlkZXNob3ciOiI0MjBkZGVlIn0%3D\">\n\t\t\t\t\t<div class=\"e-gallery-image elementor-gallery-item__image\" data-thumbnail=\"https:\/\/www.reformasvive.com.nsuzstudio.com\/wp-content\/uploads\/2026\/03\/Sin-Rvive-1000-0017-300x226.png\" data-width=\"300\" data-height=\"226\" aria-label=\"\" role=\"img\" ><\/div>\n\t\t\t\t\t\t\t\t\t\t\t<div class=\"elementor-gallery-item__overlay\"><\/div>\n\t\t\t\t\t\t\t\t\t\t\t\t\t\t<\/a>\n\t\t\t\t\t\t\t<a class=\"e-gallery-item elementor-gallery-item elementor-animated-content\" href=\"https:\/\/www.reformasvive.com.nsuzstudio.com\/wp-content\/uploads\/2026\/03\/Sin-Rvive-1000-0016.png\" data-elementor-open-lightbox=\"yes\" data-elementor-lightbox-slideshow=\"420ddee\" data-elementor-lightbox-title=\"Sin-Rvive-1000-0016\" data-e-action-hash=\"#elementor-action%3Aaction%3Dlightbox%26settings%3DeyJpZCI6MjcyNSwidXJsIjoiaHR0cHM6XC9cL3d3dy5yZWZvcm1hc3ZpdmUuY29tLm5zdXpzdHVkaW8uY29tXC93cC1jb250ZW50XC91cGxvYWRzXC8yMDI2XC8wM1wvU2luLVJ2aXZlLTEwMDAtMDAxNi5wbmciLCJzbGlkZXNob3ciOiI0MjBkZGVlIn0%3D\">\n\t\t\t\t\t<div class=\"e-gallery-image elementor-gallery-item__image\" data-thumbnail=\"https:\/\/www.reformasvive.com.nsuzstudio.com\/wp-content\/uploads\/2026\/03\/Sin-Rvive-1000-0016-300x226.png\" data-width=\"300\" data-height=\"226\" aria-label=\"\" role=\"img\" ><\/div>\n\t\t\t\t\t\t\t\t\t\t\t<div class=\"elementor-gallery-item__overlay\"><\/div>\n\t\t\t\t\t\t\t\t\t\t\t\t\t\t<\/a>\n\t\t\t\t\t\t\t<a class=\"e-gallery-item elementor-gallery-item elementor-animated-content\" href=\"https:\/\/www.reformasvive.com.nsuzstudio.com\/wp-content\/uploads\/2026\/03\/Sin-Rvive-1000-0014.png\" data-elementor-open-lightbox=\"yes\" data-elementor-lightbox-slideshow=\"420ddee\" data-elementor-lightbox-title=\"Sin-Rvive-1000-0014\" data-e-action-hash=\"#elementor-action%3Aaction%3Dlightbox%26settings%3DeyJpZCI6MjcyMywidXJsIjoiaHR0cHM6XC9cL3d3dy5yZWZvcm1hc3ZpdmUuY29tLm5zdXpzdHVkaW8uY29tXC93cC1jb250ZW50XC91cGxvYWRzXC8yMDI2XC8wM1wvU2luLVJ2aXZlLTEwMDAtMDAxNC5wbmciLCJzbGlkZXNob3ciOiI0MjBkZGVlIn0%3D\">\n\t\t\t\t\t<div class=\"e-gallery-image elementor-gallery-item__image\" data-thumbnail=\"https:\/\/www.reformasvive.com.nsuzstudio.com\/wp-content\/uploads\/2026\/03\/Sin-Rvive-1000-0014-300x226.png\" data-width=\"300\" data-height=\"226\" aria-label=\"\" role=\"img\" ><\/div>\n\t\t\t\t\t\t\t\t\t\t\t<div class=\"elementor-gallery-item__overlay\"><\/div>\n\t\t\t\t\t\t\t\t\t\t\t\t\t\t<\/a>\n\t\t\t\t\t\t\t<a class=\"e-gallery-item elementor-gallery-item elementor-animated-content\" href=\"https:\/\/www.reformasvive.com.nsuzstudio.com\/wp-content\/uploads\/2026\/03\/Sin-Rvive-1000-0020.png\" data-elementor-open-lightbox=\"yes\" data-elementor-lightbox-slideshow=\"420ddee\" data-elementor-lightbox-title=\"Sin-Rvive-1000-0020\" data-e-action-hash=\"#elementor-action%3Aaction%3Dlightbox%26settings%3DeyJpZCI6MjczMiwidXJsIjoiaHR0cHM6XC9cL3d3dy5yZWZvcm1hc3ZpdmUuY29tLm5zdXpzdHVkaW8uY29tXC93cC1jb250ZW50XC91cGxvYWRzXC8yMDI2XC8wM1wvU2luLVJ2aXZlLTEwMDAtMDAyMC5wbmciLCJzbGlkZXNob3ciOiI0MjBkZGVlIn0%3D\">\n\t\t\t\t\t<div class=\"e-gallery-image elementor-gallery-item__image\" data-thumbnail=\"https:\/\/www.reformasvive.com.nsuzstudio.com\/wp-content\/uploads\/2026\/03\/Sin-Rvive-1000-0020-300x226.png\" data-width=\"300\" data-height=\"226\" aria-label=\"\" role=\"img\" ><\/div>\n\t\t\t\t\t\t\t\t\t\t\t<div class=\"elementor-gallery-item__overlay\"><\/div>\n\t\t\t\t\t\t\t\t\t\t\t\t\t\t<\/a>\n\t\t\t\t\t\t\t<a class=\"e-gallery-item elementor-gallery-item elementor-animated-content\" href=\"https:\/\/www.reformasvive.com.nsuzstudio.com\/wp-content\/uploads\/2026\/03\/Sin-Rvive-1000-0021.png\" data-elementor-open-lightbox=\"yes\" data-elementor-lightbox-slideshow=\"420ddee\" data-elementor-lightbox-title=\"Sin-Rvive-1000-0021\" data-e-action-hash=\"#elementor-action%3Aaction%3Dlightbox%26settings%3DeyJpZCI6MjczMywidXJsIjoiaHR0cHM6XC9cL3d3dy5yZWZvcm1hc3ZpdmUuY29tLm5zdXpzdHVkaW8uY29tXC93cC1jb250ZW50XC91cGxvYWRzXC8yMDI2XC8wM1wvU2luLVJ2aXZlLTEwMDAtMDAyMS5wbmciLCJzbGlkZXNob3ciOiI0MjBkZGVlIn0%3D\">\n\t\t\t\t\t<div class=\"e-gallery-image elementor-gallery-item__image\" data-thumbnail=\"https:\/\/www.reformasvive.com.nsuzstudio.com\/wp-content\/uploads\/2026\/03\/Sin-Rvive-1000-0021-300x226.png\" data-width=\"300\" data-height=\"226\" aria-label=\"\" role=\"img\" ><\/div>\n\t\t\t\t\t\t\t\t\t\t\t<div class=\"elementor-gallery-item__overlay\"><\/div>\n\t\t\t\t\t\t\t\t\t\t\t\t\t\t<\/a>\n\t\t\t\t\t\t\t<a class=\"e-gallery-item elementor-gallery-item elementor-animated-content\" href=\"https:\/\/www.reformasvive.com.nsuzstudio.com\/wp-content\/uploads\/2026\/03\/Sin-Rvive-1000-0022.png\" data-elementor-open-lightbox=\"yes\" data-elementor-lightbox-slideshow=\"420ddee\" data-elementor-lightbox-title=\"Sin-Rvive-1000-0022\" data-e-action-hash=\"#elementor-action%3Aaction%3Dlightbox%26settings%3DeyJpZCI6MjczNCwidXJsIjoiaHR0cHM6XC9cL3d3dy5yZWZvcm1hc3ZpdmUuY29tLm5zdXpzdHVkaW8uY29tXC93cC1jb250ZW50XC91cGxvYWRzXC8yMDI2XC8wM1wvU2luLVJ2aXZlLTEwMDAtMDAyMi5wbmciLCJzbGlkZXNob3ciOiI0MjBkZGVlIn0%3D\">\n\t\t\t\t\t<div class=\"e-gallery-image elementor-gallery-item__image\" data-thumbnail=\"https:\/\/www.reformasvive.com.nsuzstudio.com\/wp-content\/uploads\/2026\/03\/Sin-Rvive-1000-0022-300x226.png\" data-width=\"300\" data-height=\"226\" aria-label=\"\" role=\"img\" ><\/div>\n\t\t\t\t\t\t\t\t\t\t\t<div class=\"elementor-gallery-item__overlay\"><\/div>\n\t\t\t\t\t\t\t\t\t\t\t\t\t\t<\/a>\n\t\t\t\t\t\t\t<a class=\"e-gallery-item elementor-gallery-item elementor-animated-content\" href=\"https:\/\/www.reformasvive.com.nsuzstudio.com\/wp-content\/uploads\/2026\/03\/Sin-Rvive-1000-0023.png\" data-elementor-open-lightbox=\"yes\" data-elementor-lightbox-slideshow=\"420ddee\" data-elementor-lightbox-title=\"Sin-Rvive-1000-0023\" data-e-action-hash=\"#elementor-action%3Aaction%3Dlightbox%26settings%3DeyJpZCI6MjczNSwidXJsIjoiaHR0cHM6XC9cL3d3dy5yZWZvcm1hc3ZpdmUuY29tLm5zdXpzdHVkaW8uY29tXC93cC1jb250ZW50XC91cGxvYWRzXC8yMDI2XC8wM1wvU2luLVJ2aXZlLTEwMDAtMDAyMy5wbmciLCJzbGlkZXNob3ciOiI0MjBkZGVlIn0%3D\">\n\t\t\t\t\t<div class=\"e-gallery-image elementor-gallery-item__image\" data-thumbnail=\"https:\/\/www.reformasvive.com.nsuzstudio.com\/wp-content\/uploads\/2026\/03\/Sin-Rvive-1000-0023-300x226.png\" data-width=\"300\" data-height=\"226\" aria-label=\"\" role=\"img\" ><\/div>\n\t\t\t\t\t\t\t\t\t\t\t<div class=\"elementor-gallery-item__overlay\"><\/div>\n\t\t\t\t\t\t\t\t\t\t\t\t\t\t<\/a>\n\t\t\t\t\t<\/div>\n\t\t\t\t\t<\/div>\n\t\t\t\t<\/div>\n\t\t\t\t<div class=\"elementor-element elementor-element-f0abe38 elementor-widget elementor-widget-gallery\" data-id=\"f0abe38\" data-element_type=\"widget\" data-settings=\"{&quot;gallery_layout&quot;:&quot;masonry&quot;,&quot;gap&quot;:{&quot;unit&quot;:&quot;px&quot;,&quot;size&quot;:20,&quot;sizes&quot;:[]},&quot;columns&quot;:3,&quot;columns_tablet&quot;:2,&quot;columns_mobile&quot;:1,&quot;gap_tablet&quot;:{&quot;unit&quot;:&quot;px&quot;,&quot;size&quot;:10,&quot;sizes&quot;:[]},&quot;gap_mobile&quot;:{&quot;unit&quot;:&quot;px&quot;,&quot;size&quot;:10,&quot;sizes&quot;:[]},&quot;link_to&quot;:&quot;file&quot;,&quot;overlay_background&quot;:&quot;yes&quot;,&quot;content_hover_animation&quot;:&quot;fade-in&quot;}\" data-widget_type=\"gallery.default\">\n\t\t\t\t<div class=\"elementor-widget-container\">\n\t\t\t\t\t\t\t<div class=\"elementor-gallery__container\">\n\t\t\t\t\t<\/div>\n\t\t\t\t\t<\/div>\n\t\t\t\t<\/div>\n\t\t\t\t\t<\/div>\n\t\t\t\t<\/div>\n\t\t<div class=\"elementor-element elementor-element-546feaf e-grid e-con-full elementor-hidden-mobile e-con e-parent\" data-id=\"546feaf\" data-element_type=\"container\">\n\t\t\t\t<div class=\"elementor-element elementor-element-00c357c elementor-widget elementor-widget-image\" data-id=\"00c357c\" data-element_type=\"widget\" data-widget_type=\"image.default\">\n\t\t\t\t<div class=\"elementor-widget-container\">\n\t\t\t\t\t\t\t\t\t\t\t\t\t\t\t<img fetchpriority=\"high\" decoding=\"async\" width=\"360\" height=\"603\" src=\"https:\/\/www.reformasvive.com.nsuzstudio.com\/wp-content\/uploads\/2026\/03\/corte_1.png\" class=\"attachment-large size-large wp-image-2712\" alt=\"\" srcset=\"https:\/\/reformasvive.com\/wp-content\/uploads\/2026\/03\/corte_1.png 360w, https:\/\/reformasvive.com\/wp-content\/uploads\/2026\/03\/corte_1-179x300.png 179w\" sizes=\"(max-width: 360px) 100vw, 360px\" \/>\t\t\t\t\t\t\t\t\t\t\t\t\t\t\t<\/div>\n\t\t\t\t<\/div>\n\t\t\t\t<div class=\"elementor-element elementor-element-42bdbc2 elementor-widget elementor-widget-image\" data-id=\"42bdbc2\" data-element_type=\"widget\" data-widget_type=\"image.default\">\n\t\t\t\t<div class=\"elementor-widget-container\">\n\t\t\t\t\t\t\t\t\t\t\t\t\t\t\t<img decoding=\"async\" width=\"360\" height=\"603\" src=\"https:\/\/www.reformasvive.com.nsuzstudio.com\/wp-content\/uploads\/2026\/03\/corte_2.png\" class=\"attachment-large size-large wp-image-2713\" alt=\"\" srcset=\"https:\/\/reformasvive.com\/wp-content\/uploads\/2026\/03\/corte_2.png 360w, https:\/\/reformasvive.com\/wp-content\/uploads\/2026\/03\/corte_2-179x300.png 179w\" sizes=\"(max-width: 360px) 100vw, 360px\" \/>\t\t\t\t\t\t\t\t\t\t\t\t\t\t\t<\/div>\n\t\t\t\t<\/div>\n\t\t\t\t<div class=\"elementor-element elementor-element-1b63fcb elementor-widget elementor-widget-image\" data-id=\"1b63fcb\" data-element_type=\"widget\" data-widget_type=\"image.default\">\n\t\t\t\t<div class=\"elementor-widget-container\">\n\t\t\t\t\t\t\t\t\t\t\t\t\t\t\t<img decoding=\"async\" width=\"360\" height=\"603\" src=\"https:\/\/www.reformasvive.com.nsuzstudio.com\/wp-content\/uploads\/2026\/03\/corte_3.png\" class=\"attachment-large size-large wp-image-2714\" alt=\"\" srcset=\"https:\/\/reformasvive.com\/wp-content\/uploads\/2026\/03\/corte_3.png 360w, https:\/\/reformasvive.com\/wp-content\/uploads\/2026\/03\/corte_3-179x300.png 179w\" sizes=\"(max-width: 360px) 100vw, 360px\" \/>\t\t\t\t\t\t\t\t\t\t\t\t\t\t\t<\/div>\n\t\t\t\t<\/div>\n\t\t\t\t<div class=\"elementor-element elementor-element-cf38932 elementor-widget elementor-widget-image\" data-id=\"cf38932\" data-element_type=\"widget\" data-widget_type=\"image.default\">\n\t\t\t\t<div class=\"elementor-widget-container\">\n\t\t\t\t\t\t\t\t\t\t\t\t\t\t\t<img loading=\"lazy\" decoding=\"async\" width=\"360\" height=\"603\" src=\"https:\/\/www.reformasvive.com.nsuzstudio.com\/wp-content\/uploads\/2026\/03\/corte_4.png\" class=\"attachment-large size-large wp-image-2715\" alt=\"\" srcset=\"https:\/\/reformasvive.com\/wp-content\/uploads\/2026\/03\/corte_4.png 360w, https:\/\/reformasvive.com\/wp-content\/uploads\/2026\/03\/corte_4-179x300.png 179w\" sizes=\"(max-width: 360px) 100vw, 360px\" \/>\t\t\t\t\t\t\t\t\t\t\t\t\t\t\t<\/div>\n\t\t\t\t<\/div>\n\t\t\t\t<div class=\"elementor-element elementor-element-8494fea elementor-widget elementor-widget-image\" data-id=\"8494fea\" data-element_type=\"widget\" data-widget_type=\"image.default\">\n\t\t\t\t<div class=\"elementor-widget-container\">\n\t\t\t\t\t\t\t\t\t\t\t\t\t\t\t<img loading=\"lazy\" decoding=\"async\" width=\"360\" height=\"603\" src=\"https:\/\/www.reformasvive.com.nsuzstudio.com\/wp-content\/uploads\/2026\/03\/corte_5.png\" class=\"attachment-large size-large wp-image-2716\" alt=\"\" srcset=\"https:\/\/reformasvive.com\/wp-content\/uploads\/2026\/03\/corte_5.png 360w, https:\/\/reformasvive.com\/wp-content\/uploads\/2026\/03\/corte_5-179x300.png 179w\" sizes=\"(max-width: 360px) 100vw, 360px\" \/>\t\t\t\t\t\t\t\t\t\t\t\t\t\t\t<\/div>\n\t\t\t\t<\/div>\n\t\t\t\t<\/div>\n\t\t\t\t<\/div>\n\t\t","protected":false},"excerpt":{"rendered":"<p>Nuestros Servicios \u00a0 En ReformasVive transformamos espacios y generamos confianza a trav\u00e9s de soluciones integrales de renovaci\u00f3n para viviendas y oficinas. Cada reforma est\u00e1 pensada para mejorar la est\u00e9tica, funcionalidad y valor de tu propiedad, siempre con un enfoque profesional, transparente y sin complicaciones. Reformas Integrales Nos encargamos de la transformaci\u00f3n completa de tu vivienda [&hellip;]<\/p>\n","protected":false},"author":2,"featured_media":0,"parent":0,"menu_order":0,"comment_status":"closed","ping_status":"closed","template":"","meta":{"_joinchat":[],"footnotes":""},"class_list":["post-387","page","type-page","status-publish","hentry"],"_links":{"self":[{"href":"https:\/\/www.reformasvive.com.nsuzstudio.com\/index.php\/wp-json\/wp\/v2\/pages\/387","targetHints":{"allow":["GET"]}}],"collection":[{"href":"https:\/\/www.reformasvive.com.nsuzstudio.com\/index.php\/wp-json\/wp\/v2\/pages"}],"about":[{"href":"https:\/\/www.reformasvive.com.nsuzstudio.com\/index.php\/wp-json\/wp\/v2\/types\/page"}],"author":[{"embeddable":true,"href":"https:\/\/www.reformasvive.com.nsuzstudio.com\/index.php\/wp-json\/wp\/v2\/users\/2"}],"replies":[{"embeddable":true,"href":"https:\/\/www.reformasvive.com.nsuzstudio.com\/index.php\/wp-json\/wp\/v2\/comments?post=387"}],"version-history":[{"count":189,"href":"https:\/\/www.reformasvive.com.nsuzstudio.com\/index.php\/wp-json\/wp\/v2\/pages\/387\/revisions"}],"predecessor-version":[{"id":2774,"href":"https:\/\/www.reformasvive.com.nsuzstudio.com\/index.php\/wp-json\/wp\/v2\/pages\/387\/revisions\/2774"}],"wp:attachment":[{"href":"https:\/\/www.reformasvive.com.nsuzstudio.com\/index.php\/wp-json\/wp\/v2\/media?parent=387"}],"curies":[{"name":"wp","href":"https:\/\/api.w.org\/{rel}","templated":true}]}}