{"id":32,"date":"2023-11-03T05:07:45","date_gmt":"2023-11-03T04:07:45","guid":{"rendered":"https:\/\/steelblue-dotterel-416190.hostingersite.com\/?page_id=32"},"modified":"2026-03-06T23:35:58","modified_gmt":"2026-03-06T22:35:58","slug":"nosotros","status":"publish","type":"page","link":"https:\/\/www.reformasvive.com.nsuzstudio.com\/index.php\/nosotros\/","title":{"rendered":"NOSOTROS"},"content":{"rendered":"\t\t<div data-elementor-type=\"wp-page\" data-elementor-id=\"32\" class=\"elementor elementor-32\" data-elementor-post-type=\"page\">\n\t\t\t\t<div class=\"elementor-element elementor-element-43c6b76 e-flex e-con-boxed e-con e-parent\" data-id=\"43c6b76\" data-element_type=\"container\" data-settings=\"{&quot;background_background&quot;:&quot;classic&quot;}\">\n\t\t\t\t\t<div class=\"e-con-inner\">\n\t\t<div class=\"elementor-element elementor-element-bcd0fb7 e-con-full e-flex e-con e-child\" data-id=\"bcd0fb7\" data-element_type=\"container\">\n\t\t\t\t<div class=\"elementor-element elementor-element-5c8bff4 elementor-widget elementor-widget-heading\" data-id=\"5c8bff4\" data-element_type=\"widget\" data-widget_type=\"heading.default\">\n\t\t\t\t<div class=\"elementor-widget-container\">\n\t\t\t\t\t<h1 class=\"elementor-heading-title elementor-size-default\">Nosotros<\/h1>\t\t\t\t<\/div>\n\t\t\t\t<\/div>\n\t\t\t\t<\/div>\n\t\t\t\t\t<\/div>\n\t\t\t\t<\/div>\n\t\t<div class=\"elementor-element elementor-element-29efdf0 e-grid e-con-boxed e-con e-parent\" data-id=\"29efdf0\" data-element_type=\"container\">\n\t\t\t\t\t<div class=\"e-con-inner\">\n\t\t\t\t<div class=\"elementor-element elementor-element-4f91c35 elementor-widget elementor-widget-text-editor\" data-id=\"4f91c35\" data-element_type=\"widget\" data-widget_type=\"text-editor.default\">\n\t\t\t\t<div class=\"elementor-widget-container\">\n\t\t\t\t\t\t\t\t\t<p data-start=\"212\" data-end=\"228\">\u00a0<\/p><p data-start=\"200\" data-end=\"216\"><strong>Misi\u00f3n<\/strong><\/p><p data-start=\"217\" data-end=\"715\"><style>\na {\n    text-decoration: none;\n    color: #464feb;\n}\ntr th, tr td {\n    border: 1px solid #e6e6e6;\n}\ntr th {\n    background-color: #f5f5f5;\n}\n<\/style><\/p><div>En <strong>ReformasVive<\/strong>, nuestra misi\u00f3n es transformar viviendas y oficinas en espacios funcionales, modernos y de alta calidad. Nos enfocamos en ofrecer soluciones integrales de reforma que aporten valor real a cada propiedad, combinando dise\u00f1o, eficiencia y materiales de excelencia. Trabajamos con profesionalismo, transparencia e innovaci\u00f3n en cada proyecto, asegurando resultados duraderos y reformas que mejoran la vida de las personas y potencian el valor de sus espacios.<\/div>\t\t\t\t\t\t\t\t<\/div>\n\t\t\t\t<\/div>\n\t\t\t\t<div class=\"elementor-element elementor-element-320c91b elementor-widget elementor-widget-text-editor\" data-id=\"320c91b\" data-element_type=\"widget\" data-widget_type=\"text-editor.default\">\n\t\t\t\t<div class=\"elementor-widget-container\">\n\t\t\t\t\t\t\t\t\t<p data-start=\"717\" data-end=\"733\"><strong>Visi\u00f3n<\/strong><\/p><p data-start=\"734\" data-end=\"1141\"><style>\na {\n    text-decoration: none;\n    color: #464feb;\n}\ntr th, tr td {\n    border: 1px solid #e6e6e6;\n}\ntr th {\n    background-color: #f5f5f5;\n}\n<\/style><\/p><div>Aspiramos a consolidarnos como una de las empresas de reformas m\u00e1s reconocidas en Espa\u00f1a, destacando por nuestra capacidad de transformar espacios con creatividad, eficiencia y calidad. Nuestra visi\u00f3n es ser un referente en reformas integrales para hogares y oficinas, construyendo relaciones de confianza con nuestros clientes y ofreciendo proyectos que eleven el bienestar, la est\u00e9tica y el valor de cada inmueble.<\/div>\t\t\t\t\t\t\t\t<\/div>\n\t\t\t\t<\/div>\n\t\t\t\t\t<\/div>\n\t\t\t\t<\/div>\n\t\t<div class=\"elementor-element elementor-element-57cb6e8 e-flex e-con-boxed e-con e-parent\" data-id=\"57cb6e8\" data-element_type=\"container\">\n\t\t\t\t\t<div class=\"e-con-inner\">\n\t\t\t\t<div class=\"elementor-element elementor-element-a9a3a41 elementor-widget elementor-widget-image\" data-id=\"a9a3a41\" data-element_type=\"widget\" data-widget_type=\"image.default\">\n\t\t\t\t<div class=\"elementor-widget-container\">\n\t\t\t\t\t\t\t\t\t\t\t\t\t\t\t<img fetchpriority=\"high\" decoding=\"async\" width=\"800\" height=\"430\" src=\"https:\/\/www.reformasvive.com.nsuzstudio.com\/wp-content\/uploads\/2026\/03\/Sin-Rvive-1000-0015-1024x551.png\" class=\"attachment-large size-large wp-image-2740\" alt=\"\" srcset=\"https:\/\/reformasvive.com\/wp-content\/uploads\/2026\/03\/Sin-Rvive-1000-0015-1024x551.png 1024w, https:\/\/reformasvive.com\/wp-content\/uploads\/2026\/03\/Sin-Rvive-1000-0015-300x162.png 300w, https:\/\/reformasvive.com\/wp-content\/uploads\/2026\/03\/Sin-Rvive-1000-0015-768x414.png 768w, https:\/\/reformasvive.com\/wp-content\/uploads\/2026\/03\/Sin-Rvive-1000-0015.png 1300w\" sizes=\"(max-width: 800px) 100vw, 800px\" \/>\t\t\t\t\t\t\t\t\t\t\t\t\t\t\t<\/div>\n\t\t\t\t<\/div>\n\t\t\t\t\t<\/div>\n\t\t\t\t<\/div>\n\t\t<div class=\"elementor-element elementor-element-3d59877 e-grid e-con-full elementor-hidden-mobile e-con e-parent\" data-id=\"3d59877\" data-element_type=\"container\">\n\t\t\t\t<div class=\"elementor-element elementor-element-0c16a1b elementor-widget elementor-widget-image\" data-id=\"0c16a1b\" data-element_type=\"widget\" data-widget_type=\"image.default\">\n\t\t\t\t<div class=\"elementor-widget-container\">\n\t\t\t\t\t\t\t\t\t\t\t\t\t\t\t<img decoding=\"async\" src=\"https:\/\/www.reformasvive.com.nsuzstudio.com\/wp-content\/uploads\/2025\/09\/cut_1.png\" title=\"\" alt=\"\" loading=\"lazy\" \/>\t\t\t\t\t\t\t\t\t\t\t\t\t\t\t<\/div>\n\t\t\t\t<\/div>\n\t\t\t\t<div class=\"elementor-element elementor-element-7842c09 elementor-widget elementor-widget-image\" data-id=\"7842c09\" data-element_type=\"widget\" data-widget_type=\"image.default\">\n\t\t\t\t<div class=\"elementor-widget-container\">\n\t\t\t\t\t\t\t\t\t\t\t\t\t\t\t<img decoding=\"async\" src=\"https:\/\/www.reformasvive.com.nsuzstudio.com\/wp-content\/uploads\/2025\/09\/cut_2.png\" title=\"\" alt=\"\" loading=\"lazy\" \/>\t\t\t\t\t\t\t\t\t\t\t\t\t\t\t<\/div>\n\t\t\t\t<\/div>\n\t\t\t\t<div class=\"elementor-element elementor-element-836819e elementor-widget elementor-widget-image\" data-id=\"836819e\" data-element_type=\"widget\" data-widget_type=\"image.default\">\n\t\t\t\t<div class=\"elementor-widget-container\">\n\t\t\t\t\t\t\t\t\t\t\t\t\t\t\t<img decoding=\"async\" src=\"https:\/\/www.reformasvive.com.nsuzstudio.com\/wp-content\/uploads\/2025\/09\/cut_3.png\" title=\"\" alt=\"\" loading=\"lazy\" \/>\t\t\t\t\t\t\t\t\t\t\t\t\t\t\t<\/div>\n\t\t\t\t<\/div>\n\t\t\t\t<div class=\"elementor-element elementor-element-385fa98 elementor-widget elementor-widget-image\" data-id=\"385fa98\" data-element_type=\"widget\" data-widget_type=\"image.default\">\n\t\t\t\t<div class=\"elementor-widget-container\">\n\t\t\t\t\t\t\t\t\t\t\t\t\t\t\t<img decoding=\"async\" src=\"https:\/\/www.reformasvive.com.nsuzstudio.com\/wp-content\/uploads\/2025\/09\/cut_4.png\" title=\"\" alt=\"\" loading=\"lazy\" \/>\t\t\t\t\t\t\t\t\t\t\t\t\t\t\t<\/div>\n\t\t\t\t<\/div>\n\t\t\t\t<div class=\"elementor-element elementor-element-ad21e82 elementor-widget elementor-widget-image\" data-id=\"ad21e82\" data-element_type=\"widget\" data-widget_type=\"image.default\">\n\t\t\t\t<div class=\"elementor-widget-container\">\n\t\t\t\t\t\t\t\t\t\t\t\t\t\t\t<img decoding=\"async\" src=\"https:\/\/www.reformasvive.com.nsuzstudio.com\/wp-content\/uploads\/2025\/09\/cut_5.png\" title=\"\" alt=\"\" loading=\"lazy\" \/>\t\t\t\t\t\t\t\t\t\t\t\t\t\t\t<\/div>\n\t\t\t\t<\/div>\n\t\t\t\t<\/div>\n\t\t\t\t<\/div>\n\t\t","protected":false},"excerpt":{"rendered":"<p>Nosotros \u00a0 Misi\u00f3n En ReformasVive, nuestra misi\u00f3n es transformar viviendas y oficinas en espacios funcionales, modernos y de alta calidad. Nos enfocamos en ofrecer soluciones integrales de reforma que aporten valor real a cada propiedad, combinando dise\u00f1o, eficiencia y materiales de excelencia. Trabajamos con profesionalismo, transparencia e innovaci\u00f3n en cada proyecto, asegurando resultados duraderos y [&hellip;]<\/p>\n","protected":false},"author":2,"featured_media":0,"parent":0,"menu_order":0,"comment_status":"closed","ping_status":"closed","template":"","meta":{"_joinchat":[],"footnotes":""},"class_list":["post-32","page","type-page","status-publish","hentry"],"_links":{"self":[{"href":"https:\/\/www.reformasvive.com.nsuzstudio.com\/index.php\/wp-json\/wp\/v2\/pages\/32","targetHints":{"allow":["GET"]}}],"collection":[{"href":"https:\/\/www.reformasvive.com.nsuzstudio.com\/index.php\/wp-json\/wp\/v2\/pages"}],"about":[{"href":"https:\/\/www.reformasvive.com.nsuzstudio.com\/index.php\/wp-json\/wp\/v2\/types\/page"}],"author":[{"embeddable":true,"href":"https:\/\/www.reformasvive.com.nsuzstudio.com\/index.php\/wp-json\/wp\/v2\/users\/2"}],"replies":[{"embeddable":true,"href":"https:\/\/www.reformasvive.com.nsuzstudio.com\/index.php\/wp-json\/wp\/v2\/comments?post=32"}],"version-history":[{"count":143,"href":"https:\/\/www.reformasvive.com.nsuzstudio.com\/index.php\/wp-json\/wp\/v2\/pages\/32\/revisions"}],"predecessor-version":[{"id":2777,"href":"https:\/\/www.reformasvive.com.nsuzstudio.com\/index.php\/wp-json\/wp\/v2\/pages\/32\/revisions\/2777"}],"wp:attachment":[{"href":"https:\/\/www.reformasvive.com.nsuzstudio.com\/index.php\/wp-json\/wp\/v2\/media?parent=32"}],"curies":[{"name":"wp","href":"https:\/\/api.w.org\/{rel}","templated":true}]}}